{"id":2,"date":"2020-04-16T11:59:04","date_gmt":"2020-04-16T09:59:04","guid":{"rendered":"https:\/\/datsecnet.de\/?page_id=2"},"modified":"2024-02-25T17:41:56","modified_gmt":"2024-02-25T16:41:56","slug":"startseite","status":"publish","type":"page","link":"https:\/\/datsecnet.de\/","title":{"rendered":"Start"},"content":{"rendered":"\n<p><a target=\"_blank\" href=\"https:\/\/www.amazon.de\/gp\/search?ie=UTF8&amp;tag=datsecnet-21&amp;linkCode=ur2&amp;linkId=265f0a66bab2286f55a0e22847ce32d8&amp;camp=1638&amp;creative=6742&amp;index=computers&amp;keywords=Allgemeines Computerzubehoer\" rel=\"noopener\">Computerhardware<\/a>\n<p>Wir stellen sicher, dass Ihre Server, Smartphone, Laptop und Desktop-PC nicht nur reibungslos funktionieren, sondern auch gegen Cyberkriminalit\u00e4t gesch\u00fctzt werden. <br><br>Wir bieten Komplettl\u00f6sungen von der Planung bis zur Realisierung Ihrer kompletten IT-Struktur, oder auch nur einzelner Teilaufgaben.<br><br>Zu unseren Gesch\u00e4ftspartnern geh\u00f6ren sowohl Kleinstunternehmen als auch mittelst\u00e4ndische Firmen. Seit Jahren stehen wir diesen mit Rat und Tat zur Seite und geben unser Bestes, damit sie zufrieden sind und auch langfristig bleiben.<br><br>Wir setzen uns seit geraumer Zeit f\u00fcr eine bewusste und sensible Auseinandersetzung mit den Themen Datenschutz und Sicherheit ein.<br>Und Sie als Kunde profitieren von der langj\u00e4hrigen Erfahrung unseres Unternehmens das seit 2001 einen guten Ruf genie\u00dft.<\/p><\/p>\n\n\n\n<p><\/p>\n\n\n\n<p><\/p>\n","protected":false},"excerpt":{"rendered":"<p>Computerhardware Wir stellen sicher, dass Ihre Server, Smartphone, Laptop und Desktop-PC nicht nur reibungslos funktionieren, sondern auch gegen Cyberkriminalit\u00e4t gesch\u00fctzt werden. Wir bieten Komplettl\u00f6sungen von der Planung bis zur Realisierung Ihrer kompletten IT-Struktur, oder auch nur einzelner Teilaufgaben. Zu unseren Gesch\u00e4ftspartnern geh\u00f6ren sowohl Kleinstunternehmen als auch mittelst\u00e4ndische Firmen. Seit Jahren stehen wir diesen mit Rat&#8230;<\/p>\n","protected":false},"author":1,"featured_media":0,"parent":0,"menu_order":0,"comment_status":"closed","ping_status":"closed","template":"","meta":{"footnotes":""},"class_list":["post-2","page","type-page","status-publish","hentry"],"_links":{"self":[{"href":"https:\/\/datsecnet.de\/index.php?rest_route=\/wp\/v2\/pages\/2","targetHints":{"allow":["GET"]}}],"collection":[{"href":"https:\/\/datsecnet.de\/index.php?rest_route=\/wp\/v2\/pages"}],"about":[{"href":"https:\/\/datsecnet.de\/index.php?rest_route=\/wp\/v2\/types\/page"}],"author":[{"embeddable":true,"href":"https:\/\/datsecnet.de\/index.php?rest_route=\/wp\/v2\/users\/1"}],"replies":[{"embeddable":true,"href":"https:\/\/datsecnet.de\/index.php?rest_route=%2Fwp%2Fv2%2Fcomments&post=2"}],"version-history":[{"count":16,"href":"https:\/\/datsecnet.de\/index.php?rest_route=\/wp\/v2\/pages\/2\/revisions"}],"predecessor-version":[{"id":134,"href":"https:\/\/datsecnet.de\/index.php?rest_route=\/wp\/v2\/pages\/2\/revisions\/134"}],"wp:attachment":[{"href":"https:\/\/datsecnet.de\/index.php?rest_route=%2Fwp%2Fv2%2Fmedia&parent=2"}],"curies":[{"name":"wp","href":"https:\/\/api.w.org\/{rel}","templated":true}]}}